{"id":60,"date":"2019-10-11T10:17:08","date_gmt":"2019-10-11T07:17:08","guid":{"rendered":"http:\/\/healthistanbul.com.tr\/en\/?page_id=60"},"modified":"2024-10-30T16:36:55","modified_gmt":"2024-10-30T13:36:55","slug":"contact","status":"publish","type":"page","link":"https:\/\/healthistanbul.com.tr\/en\/contact\/","title":{"rendered":"Contact"},"content":{"rendered":"<h3>Phone:<\/h3>\n<p>+90 533 569 98 04<\/p>\n<h3>E-mail:<\/h3>\n<p>info@healthistanbul.com.tr<\/p>\n<h3>Address:<\/h3>\n<p>Fulya Mahallesi B\u00fcy\u00fckdere Caddesi Quasar \u0130stanbul Tower No:76 \/ L Kat\u0131 Ofis\u00a0No:87<\/p>\n","protected":false},"excerpt":{"rendered":"<p>Phone: +90 533 569 98 04 E-mail: info@healthistanbul.com.tr Address: Fulya Mahallesi B\u00fcy\u00fckdere Caddesi Quasar \u0130stanbul Tower No:76 \/ L Kat\u0131 Ofis\u00a0No:87<\/p>\n","protected":false},"author":1,"featured_media":0,"parent":0,"menu_order":3,"comment_status":"closed","ping_status":"closed","template":"","meta":{"footnotes":""},"class_list":["post-60","page","type-page","status-publish","hentry"],"_links":{"self":[{"href":"https:\/\/healthistanbul.com.tr\/en\/wp-json\/wp\/v2\/pages\/60","targetHints":{"allow":["GET"]}}],"collection":[{"href":"https:\/\/healthistanbul.com.tr\/en\/wp-json\/wp\/v2\/pages"}],"about":[{"href":"https:\/\/healthistanbul.com.tr\/en\/wp-json\/wp\/v2\/types\/page"}],"author":[{"embeddable":true,"href":"https:\/\/healthistanbul.com.tr\/en\/wp-json\/wp\/v2\/users\/1"}],"replies":[{"embeddable":true,"href":"https:\/\/healthistanbul.com.tr\/en\/wp-json\/wp\/v2\/comments?post=60"}],"version-history":[{"count":6,"href":"https:\/\/healthistanbul.com.tr\/en\/wp-json\/wp\/v2\/pages\/60\/revisions"}],"predecessor-version":[{"id":261,"href":"https:\/\/healthistanbul.com.tr\/en\/wp-json\/wp\/v2\/pages\/60\/revisions\/261"}],"wp:attachment":[{"href":"https:\/\/healthistanbul.com.tr\/en\/wp-json\/wp\/v2\/media?parent=60"}],"curies":[{"name":"wp","href":"https:\/\/api.w.org\/{rel}","templated":true}]}}